{"id":4782,"date":"2024-11-12T09:51:28","date_gmt":"2024-11-12T01:51:28","guid":{"rendered":"http:\/\/blkg.ichuanghui.cn\/?page_id=4782"},"modified":"2025-10-29T10:40:50","modified_gmt":"2025-10-29T02:40:50","slug":"elementor-4782","status":"publish","type":"page","link":"https:\/\/kboj.net\/es\/inquirydone\/","title":{"rendered":"\u90ae\u4ef6\u63d0\u4ea4\u7ed3\u679c\u9875"},"content":{"rendered":"<div data-elementor-type=\"wp-page\" data-elementor-id=\"4782\" class=\"elementor elementor-4782\" data-elementor-settings=\"{&quot;element_pack_global_tooltip_width&quot;:{&quot;unit&quot;:&quot;px&quot;,&quot;size&quot;:&quot;&quot;,&quot;sizes&quot;:[]},&quot;element_pack_global_tooltip_width_tablet&quot;:{&quot;unit&quot;:&quot;px&quot;,&quot;size&quot;:&quot;&quot;,&quot;sizes&quot;:[]},&quot;element_pack_global_tooltip_width_mobile&quot;:{&quot;unit&quot;:&quot;px&quot;,&quot;size&quot;:&quot;&quot;,&quot;sizes&quot;:[]},&quot;element_pack_global_tooltip_padding&quot;:{&quot;unit&quot;:&quot;px&quot;,&quot;top&quot;:&quot;&quot;,&quot;right&quot;:&quot;&quot;,&quot;bottom&quot;:&quot;&quot;,&quot;left&quot;:&quot;&quot;,&quot;isLinked&quot;:true},&quot;element_pack_global_tooltip_padding_tablet&quot;:{&quot;unit&quot;:&quot;px&quot;,&quot;top&quot;:&quot;&quot;,&quot;right&quot;:&quot;&quot;,&quot;bottom&quot;:&quot;&quot;,&quot;left&quot;:&quot;&quot;,&quot;isLinked&quot;:true},&quot;element_pack_global_tooltip_padding_mobile&quot;:{&quot;unit&quot;:&quot;px&quot;,&quot;top&quot;:&quot;&quot;,&quot;right&quot;:&quot;&quot;,&quot;bottom&quot;:&quot;&quot;,&quot;left&quot;:&quot;&quot;,&quot;isLinked&quot;:true},&quot;element_pack_global_tooltip_border_radius&quot;:{&quot;unit&quot;:&quot;px&quot;,&quot;top&quot;:&quot;&quot;,&quot;right&quot;:&quot;&quot;,&quot;bottom&quot;:&quot;&quot;,&quot;left&quot;:&quot;&quot;,&quot;isLinked&quot;:true},&quot;element_pack_global_tooltip_border_radius_tablet&quot;:{&quot;unit&quot;:&quot;px&quot;,&quot;top&quot;:&quot;&quot;,&quot;right&quot;:&quot;&quot;,&quot;bottom&quot;:&quot;&quot;,&quot;left&quot;:&quot;&quot;,&quot;isLinked&quot;:true},&quot;element_pack_global_tooltip_border_radius_mobile&quot;:{&quot;unit&quot;:&quot;px&quot;,&quot;top&quot;:&quot;&quot;,&quot;right&quot;:&quot;&quot;,&quot;bottom&quot;:&quot;&quot;,&quot;left&quot;:&quot;&quot;,&quot;isLinked&quot;:true}}\" data-elementor-post-type=\"page\">\n\t\t\t\t<div class=\"elementor-element elementor-element-0c427b8 e-con-full e-flex e-con e-parent\" data-id=\"0c427b8\" data-element_type=\"container\">\n\t\t\t\t<div class=\"elementor-element elementor-element-29e47e2 elementor-widget elementor-widget-image\" data-id=\"29e47e2\" data-element_type=\"widget\" data-widget_type=\"image.default\">\n\t\t\t\t<div class=\"elementor-widget-container\">\n\t\t\t\t\t\t\t\t\t\t\t\t\t\t\t<img fetchpriority=\"high\" decoding=\"async\" width=\"1920\" height=\"450\" src=\"https:\/\/kboj.net\/wp-content\/uploads\/2025\/10\/1920-450-4.jpg\" class=\"attachment-full size-full wp-image-11554\" alt=\"\" srcset=\"https:\/\/kboj.net\/wp-content\/uploads\/2025\/10\/1920-450-4.jpg 1920w, https:\/\/kboj.net\/wp-content\/uploads\/2025\/10\/1920-450-4-300x70.jpg 300w, https:\/\/kboj.net\/wp-content\/uploads\/2025\/10\/1920-450-4-1024x240.jpg 1024w, https:\/\/kboj.net\/wp-content\/uploads\/2025\/10\/1920-450-4-768x180.jpg 768w, https:\/\/kboj.net\/wp-content\/uploads\/2025\/10\/1920-450-4-1536x360.jpg 1536w, https:\/\/kboj.net\/wp-content\/uploads\/2025\/10\/1920-450-4-18x4.jpg 18w\" sizes=\"(max-width: 1920px) 100vw, 1920px\" \/>\t\t\t\t\t\t\t\t\t\t\t\t\t\t\t<\/div>\n\t\t\t\t<\/div>\n\t\t\t\t<\/div>\n\t\t<div class=\"elementor-element elementor-element-66e186d e-con-full e-flex e-con e-parent\" data-id=\"66e186d\" data-element_type=\"container\" data-settings=\"{&quot;background_background&quot;:&quot;gradient&quot;}\">\n\t\t<div class=\"elementor-element elementor-element-bf7474e e-con-full e-flex e-con e-child\" data-id=\"bf7474e\" data-element_type=\"container\" data-settings=\"{&quot;background_background&quot;:&quot;classic&quot;}\">\n\t\t\t\t<div class=\"elementor-element elementor-element-15b9a22 elementor-widget elementor-widget-image\" data-id=\"15b9a22\" data-element_type=\"widget\" data-widget_type=\"image.default\">\n\t\t\t\t<div class=\"elementor-widget-container\">\n\t\t\t\t\t\t\t\t\t\t\t\t\t\t\t<img decoding=\"async\" width=\"54\" height=\"54\" src=\"https:\/\/kboj.net\/wp-content\/uploads\/2024\/11\/inquiry_licon01.png\" class=\"attachment-full size-full wp-image-4940\" alt=\"\" \/>\t\t\t\t\t\t\t\t\t\t\t\t\t\t\t<\/div>\n\t\t\t\t<\/div>\n\t\t\t\t<div class=\"elementor-element elementor-element-c231a60 elementor-widget elementor-widget-heading\" data-id=\"c231a60\" data-element_type=\"widget\" data-widget_type=\"heading.default\">\n\t\t\t\t<div class=\"elementor-widget-container\">\n\t\t\t\t\t<span class=\"elementor-heading-title elementor-size-default\">Gracias.<\/span>\t\t\t\t<\/div>\n\t\t\t\t<\/div>\n\t\t\t\t<div class=\"elementor-element elementor-element-4d38654 elementor-widget elementor-widget-heading\" data-id=\"4d38654\" data-element_type=\"widget\" data-widget_type=\"heading.default\">\n\t\t\t\t<div class=\"elementor-widget-container\">\n\t\t\t\t\t<span class=\"elementor-heading-title elementor-size-default\">Nos pondremos en contacto con usted lo antes posible\uff01.<\/span>\t\t\t\t<\/div>\n\t\t\t\t<\/div>\n\t\t\t\t<\/div>\n\t\t<div class=\"elementor-element elementor-element-5c2d6a7 e-con-full e-flex e-con e-child\" data-id=\"5c2d6a7\" data-element_type=\"container\" data-settings=\"{&quot;background_background&quot;:&quot;classic&quot;}\">\n\t\t\t\t<div class=\"elementor-element elementor-element-838305f elementor-widget elementor-widget-button\" data-id=\"838305f\" data-element_type=\"widget\" data-widget_type=\"button.default\">\n\t\t\t\t<div class=\"elementor-widget-container\">\n\t\t\t\t\t\t\t\t\t<div class=\"elementor-button-wrapper\">\n\t\t\t\t\t<a class=\"elementor-button elementor-button-link elementor-size-sm\" href=\"#\">\n\t\t\t\t\t\t<span class=\"elementor-button-content-wrapper\">\n\t\t\t\t\t\t\t\t\t<span class=\"elementor-button-text\">Productos calientes<\/span>\n\t\t\t\t\t<\/span>\n\t\t\t\t\t<\/a>\n\t\t\t\t<\/div>\n\t\t\t\t\t\t\t\t<\/div>\n\t\t\t\t<\/div>\n\t\t\t\t<\/div>\n\t\t<div class=\"elementor-element elementor-element-41a5548 e-con-full rel-email-pro e-flex e-con e-child\" data-id=\"41a5548\" data-element_type=\"container\">\n\t\t\t\t<div class=\"elementor-element elementor-element-6697273 elementor-grid-4 elementor-posts--align-left elementor-posts__hover-none elementor-grid-tablet-2 elementor-grid-mobile-1 elementor-posts--thumbnail-top elementor-widget elementor-widget-posts\" data-id=\"6697273\" data-element_type=\"widget\" data-settings=\"{&quot;cards_columns&quot;:&quot;4&quot;,&quot;cards_row_gap&quot;:{&quot;unit&quot;:&quot;px&quot;,&quot;size&quot;:0,&quot;sizes&quot;:[]},&quot;cards_columns_tablet&quot;:&quot;2&quot;,&quot;cards_columns_mobile&quot;:&quot;1&quot;,&quot;cards_row_gap_tablet&quot;:{&quot;unit&quot;:&quot;px&quot;,&quot;size&quot;:&quot;&quot;,&quot;sizes&quot;:[]},&quot;cards_row_gap_mobile&quot;:{&quot;unit&quot;:&quot;px&quot;,&quot;size&quot;:&quot;&quot;,&quot;sizes&quot;:[]}}\" data-widget_type=\"posts.cards\">\n\t\t\t\t<div class=\"elementor-widget-container\">\n\t\t\t\t\t\t\t<div class=\"elementor-posts-container elementor-posts elementor-posts--skin-cards elementor-grid\">\n\t\t\t\t<article class=\"elementor-post elementor-grid-item post-11321 post type-post status-publish format-standard has-post-thumbnail hentry category-products category-protector category-voltage-protector tag-protector tag-voltage-protector\">\n\t\t\t<div class=\"elementor-post__card\">\n\t\t\t\t<a class=\"elementor-post__thumbnail__link\" href=\"https:\/\/kboj.net\/es\/protector-de-sobretension-y-subtension-de-rearme-automatico-jggq-63\/\" tabindex=\"-1\" ><div class=\"elementor-post__thumbnail\"><img decoding=\"async\" width=\"800\" height=\"800\" src=\"https:\/\/kboj.net\/wp-content\/uploads\/2025\/06\/JGGQ-80-1.jpg\" class=\"attachment-full size-full wp-image-11322\" alt=\"\" \/><\/div><\/a>\n\t\t\t\t<div class=\"elementor-post__text\">\n\t\t\t\t<div class=\"elementor-post__title\">\n\t\t\t<a href=\"https:\/\/kboj.net\/es\/protector-de-sobretension-y-subtension-de-rearme-automatico-jggq-63\/\" >\n\t\t\t\tProtector contra sobretensi\u00f3n y subtensi\u00f3n de rearme autom\u00e1tico JGGQ-63\t\t\t<\/a>\n\t\t<\/div>\n\t\t\t\t<\/div>\n\t\t\t\t\t<\/div>\n\t\t<\/article>\n\t\t\t\t<article class=\"elementor-post elementor-grid-item post-8346 post type-post status-publish format-standard has-post-thumbnail hentry category-products category-switch\">\n\t\t\t<div class=\"elementor-post__card\">\n\t\t\t\t<a class=\"elementor-post__thumbnail__link\" href=\"https:\/\/kboj.net\/es\/interruptor-de-transferencia-automatica-de-doble-potencia-jgq3-100\" tabindex=\"-1\" ><div class=\"elementor-post__thumbnail\"><img loading=\"lazy\" decoding=\"async\" width=\"800\" height=\"800\" src=\"https:\/\/kboj.net\/wp-content\/uploads\/2024\/12\/1.jpg\" class=\"attachment-full size-full wp-image-11103\" alt=\"\" \/><\/div><\/a>\n\t\t\t\t<div class=\"elementor-post__text\">\n\t\t\t\t<div class=\"elementor-post__title\">\n\t\t\t<a href=\"https:\/\/kboj.net\/es\/interruptor-de-transferencia-automatica-de-doble-potencia-jgq3-100\" >\n\t\t\t\tInterruptor de transferencia autom\u00e1tica de doble potencia JGQ3-100\t\t\t<\/a>\n\t\t<\/div>\n\t\t\t\t<\/div>\n\t\t\t\t\t<\/div>\n\t\t<\/article>\n\t\t\t\t<article class=\"elementor-post elementor-grid-item post-11302 post type-post status-publish format-standard has-post-thumbnail hentry category-products category-protector category-smart-protector tag-current-protector tag-protector tag-smart-protector tag-switch\">\n\t\t\t<div class=\"elementor-post__card\">\n\t\t\t\t<a class=\"elementor-post__thumbnail__link\" href=\"https:\/\/kboj.net\/es\/dispositivos-de-deteccion-de-fallos-de-arco-jgafdd-63\/\" tabindex=\"-1\" ><div class=\"elementor-post__thumbnail\"><img loading=\"lazy\" decoding=\"async\" width=\"800\" height=\"800\" src=\"https:\/\/kboj.net\/wp-content\/uploads\/2025\/06\/JGAFDD-63-1.jpg\" class=\"attachment-full size-full wp-image-11303\" alt=\"\" \/><\/div><\/a>\n\t\t\t\t<div class=\"elementor-post__text\">\n\t\t\t\t<div class=\"elementor-post__title\">\n\t\t\t<a href=\"https:\/\/kboj.net\/es\/dispositivos-de-deteccion-de-fallos-de-arco-jgafdd-63\/\" >\n\t\t\t\tDispositivos de detecci\u00f3n de fallos de arco JGAFDD-63\t\t\t<\/a>\n\t\t<\/div>\n\t\t\t\t<\/div>\n\t\t\t\t\t<\/div>\n\t\t<\/article>\n\t\t\t\t<article class=\"elementor-post elementor-grid-item post-11290 post type-post status-publish format-standard has-post-thumbnail hentry category-products category-protector category-voltage-protector tag-protector tag-voltage-protector\">\n\t\t\t<div class=\"elementor-post__card\">\n\t\t\t\t<a class=\"elementor-post__thumbnail__link\" href=\"https:\/\/kboj.net\/es\/protector-de-sobretension-y-subtension-trifasico-de-4-hilos-jggq-80\/\" tabindex=\"-1\" ><div class=\"elementor-post__thumbnail\"><img loading=\"lazy\" decoding=\"async\" width=\"800\" height=\"800\" src=\"https:\/\/kboj.net\/wp-content\/uploads\/2025\/06\/1.jpg\" class=\"attachment-full size-full wp-image-11291\" alt=\"\" \/><\/div><\/a>\n\t\t\t\t<div class=\"elementor-post__text\">\n\t\t\t\t<div class=\"elementor-post__title\">\n\t\t\t<a href=\"https:\/\/kboj.net\/es\/protector-de-sobretension-y-subtension-trifasico-de-4-hilos-jggq-80\/\" >\n\t\t\t\tProtector de sobretensi\u00f3n y subtensi\u00f3n trif\u00e1sico de 4 hilos JGGQ-80\t\t\t<\/a>\n\t\t<\/div>\n\t\t\t\t<\/div>\n\t\t\t\t\t<\/div>\n\t\t<\/article>\n\t\t\t\t<\/div>\n\t\t\n\t\t\t\t\t\t<\/div>\n\t\t\t\t<\/div>\n\t\t\t\t<\/div>\n\t\t\t\t<\/div>\n\t\t\t\t<\/div>","protected":false},"excerpt":{"rendered":"<p>Gracias. Nos pondremos en contacto con usted lo antes posible\uff01 Productos calientes<\/p>","protected":false},"author":1,"featured_media":0,"parent":0,"menu_order":0,"comment_status":"closed","ping_status":"closed","template":"","meta":{"_acf_changed":false,"footnotes":""},"class_list":["post-4782","page","type-page","status-publish","hentry"],"acf":[],"yoast_head":"<!-- This site is optimized with the Yoast SEO plugin v24.1 - https:\/\/yoast.com\/wordpress\/plugins\/seo\/ -->\n<title>Submit Successful - Wenzhou Jiangguang Electric Technology Co., Ltd<\/title>\n<meta name=\"robots\" content=\"noindex, follow, max-snippet:-1, max-image-preview:large, max-video-preview:-1\" \/>\n<meta property=\"og:locale\" content=\"es_ES\" \/>\n<meta property=\"og:type\" content=\"article\" \/>\n<meta property=\"og:title\" content=\"Submit Successful - Wenzhou Jiangguang Electric Technology Co., Ltd\" \/>\n<meta property=\"og:description\" content=\"Thank you! We will contact you as soon as possible\uff01 Hot Products\" \/>\n<meta property=\"og:url\" content=\"https:\/\/kboj.net\/es\/inquirydone\/\" \/>\n<meta property=\"og:site_name\" content=\"Wenzhou Jiangguang Electric Technology Co., Ltd\" \/>\n<meta property=\"article:publisher\" content=\"https:\/\/www.facebook.com\/pv.bluesun\" \/>\n<meta property=\"article:modified_time\" content=\"2025-10-29T02:40:50+00:00\" \/>\n<meta property=\"og:image\" content=\"https:\/\/kboj.net\/wp-content\/uploads\/2025\/10\/1920-450-4.jpg\" \/>\n\t<meta property=\"og:image:width\" content=\"1920\" \/>\n\t<meta property=\"og:image:height\" content=\"450\" \/>\n\t<meta property=\"og:image:type\" content=\"image\/jpeg\" \/>\n<meta name=\"twitter:card\" content=\"summary_large_image\" \/>\n<meta name=\"twitter:label1\" content=\"Tiempo de lectura\" \/>\n\t<meta name=\"twitter:data1\" content=\"2 minutos\" \/>\n<script type=\"application\/ld+json\" class=\"yoast-schema-graph\">{\"@context\":\"https:\/\/schema.org\",\"@graph\":[{\"@type\":\"WebPage\",\"@id\":\"https:\/\/kboj.net\/inquirydone\/\",\"url\":\"https:\/\/kboj.net\/inquirydone\/\",\"name\":\"Submit Successful - Wenzhou Jiangguang Electric Technology Co., Ltd\",\"isPartOf\":{\"@id\":\"https:\/\/kboj.net\/#website\"},\"primaryImageOfPage\":{\"@id\":\"https:\/\/kboj.net\/inquirydone\/#primaryimage\"},\"image\":{\"@id\":\"https:\/\/kboj.net\/inquirydone\/#primaryimage\"},\"thumbnailUrl\":\"http:\/\/kboj.net\/wp-content\/uploads\/2025\/10\/1920-450-4.jpg\",\"datePublished\":\"2024-11-12T01:51:28+00:00\",\"dateModified\":\"2025-10-29T02:40:50+00:00\",\"breadcrumb\":{\"@id\":\"https:\/\/kboj.net\/inquirydone\/#breadcrumb\"},\"inLanguage\":\"es\",\"potentialAction\":[{\"@type\":\"ReadAction\",\"target\":[\"https:\/\/kboj.net\/inquirydone\/\"]}]},{\"@type\":\"ImageObject\",\"inLanguage\":\"es\",\"@id\":\"https:\/\/kboj.net\/inquirydone\/#primaryimage\",\"url\":\"http:\/\/kboj.net\/wp-content\/uploads\/2025\/10\/1920-450-4.jpg\",\"contentUrl\":\"http:\/\/kboj.net\/wp-content\/uploads\/2025\/10\/1920-450-4.jpg\"},{\"@type\":\"BreadcrumbList\",\"@id\":\"https:\/\/kboj.net\/inquirydone\/#breadcrumb\",\"itemListElement\":[{\"@type\":\"ListItem\",\"position\":1,\"name\":\"\u9996\u9875\",\"item\":\"https:\/\/kboj.net\/\"},{\"@type\":\"ListItem\",\"position\":2,\"name\":\"\u90ae\u4ef6\u63d0\u4ea4\u7ed3\u679c\u9875\"}]},{\"@type\":\"WebSite\",\"@id\":\"https:\/\/kboj.net\/#website\",\"url\":\"https:\/\/kboj.net\/\",\"name\":\"Bluesun Solar\",\"description\":\"\",\"potentialAction\":[{\"@type\":\"SearchAction\",\"target\":{\"@type\":\"EntryPoint\",\"urlTemplate\":\"https:\/\/kboj.net\/?s={search_term_string}\"},\"query-input\":{\"@type\":\"PropertyValueSpecification\",\"valueRequired\":true,\"valueName\":\"search_term_string\"}}],\"inLanguage\":\"es\"}]}<\/script>\n<!-- \/ Yoast SEO plugin. -->","yoast_head_json":{"title":"Submit Successful - Wenzhou Jiangguang Electric Technology Co., Ltd","robots":{"index":"noindex","follow":"follow","max-snippet":"max-snippet:-1","max-image-preview":"max-image-preview:large","max-video-preview":"max-video-preview:-1"},"og_locale":"es_ES","og_type":"article","og_title":"Submit Successful - Wenzhou Jiangguang Electric Technology Co., Ltd","og_description":"Thank you! We will contact you as soon as possible\uff01 Hot Products","og_url":"https:\/\/kboj.net\/es\/inquirydone\/","og_site_name":"Wenzhou Jiangguang Electric Technology Co., Ltd","article_publisher":"https:\/\/www.facebook.com\/pv.bluesun","article_modified_time":"2025-10-29T02:40:50+00:00","og_image":[{"width":1920,"height":450,"url":"https:\/\/kboj.net\/wp-content\/uploads\/2025\/10\/1920-450-4.jpg","type":"image\/jpeg"}],"twitter_card":"summary_large_image","twitter_misc":{"Tiempo de lectura":"2 minutos"},"schema":{"@context":"https:\/\/schema.org","@graph":[{"@type":"WebPage","@id":"https:\/\/kboj.net\/inquirydone\/","url":"https:\/\/kboj.net\/inquirydone\/","name":"Submit Successful - Wenzhou Jiangguang Electric Technology Co., Ltd","isPartOf":{"@id":"https:\/\/kboj.net\/#website"},"primaryImageOfPage":{"@id":"https:\/\/kboj.net\/inquirydone\/#primaryimage"},"image":{"@id":"https:\/\/kboj.net\/inquirydone\/#primaryimage"},"thumbnailUrl":"http:\/\/kboj.net\/wp-content\/uploads\/2025\/10\/1920-450-4.jpg","datePublished":"2024-11-12T01:51:28+00:00","dateModified":"2025-10-29T02:40:50+00:00","breadcrumb":{"@id":"https:\/\/kboj.net\/inquirydone\/#breadcrumb"},"inLanguage":"es","potentialAction":[{"@type":"ReadAction","target":["https:\/\/kboj.net\/inquirydone\/"]}]},{"@type":"ImageObject","inLanguage":"es","@id":"https:\/\/kboj.net\/inquirydone\/#primaryimage","url":"http:\/\/kboj.net\/wp-content\/uploads\/2025\/10\/1920-450-4.jpg","contentUrl":"http:\/\/kboj.net\/wp-content\/uploads\/2025\/10\/1920-450-4.jpg"},{"@type":"BreadcrumbList","@id":"https:\/\/kboj.net\/inquirydone\/#breadcrumb","itemListElement":[{"@type":"ListItem","position":1,"name":"\u9996\u9875","item":"https:\/\/kboj.net\/"},{"@type":"ListItem","position":2,"name":"\u90ae\u4ef6\u63d0\u4ea4\u7ed3\u679c\u9875"}]},{"@type":"WebSite","@id":"https:\/\/kboj.net\/#website","url":"https:\/\/kboj.net\/","name":"Bluesun Solar","description":"","potentialAction":[{"@type":"SearchAction","target":{"@type":"EntryPoint","urlTemplate":"https:\/\/kboj.net\/?s={search_term_string}"},"query-input":{"@type":"PropertyValueSpecification","valueRequired":true,"valueName":"search_term_string"}}],"inLanguage":"es"}]}},"_links":{"self":[{"href":"https:\/\/kboj.net\/es\/wp-json\/wp\/v2\/pages\/4782","targetHints":{"allow":["GET"]}}],"collection":[{"href":"https:\/\/kboj.net\/es\/wp-json\/wp\/v2\/pages"}],"about":[{"href":"https:\/\/kboj.net\/es\/wp-json\/wp\/v2\/types\/page"}],"author":[{"embeddable":true,"href":"https:\/\/kboj.net\/es\/wp-json\/wp\/v2\/users\/1"}],"replies":[{"embeddable":true,"href":"https:\/\/kboj.net\/es\/wp-json\/wp\/v2\/comments?post=4782"}],"version-history":[{"count":3,"href":"https:\/\/kboj.net\/es\/wp-json\/wp\/v2\/pages\/4782\/revisions"}],"predecessor-version":[{"id":11557,"href":"https:\/\/kboj.net\/es\/wp-json\/wp\/v2\/pages\/4782\/revisions\/11557"}],"wp:attachment":[{"href":"https:\/\/kboj.net\/es\/wp-json\/wp\/v2\/media?parent=4782"}],"curies":[{"name":"wp","href":"https:\/\/api.w.org\/{rel}","templated":true}]}}